{"id":36,"date":"2024-09-22T13:48:56","date_gmt":"2024-09-22T13:48:56","guid":{"rendered":"https:\/\/reklamcobeta.hemsida.eu\/?page_id=36"},"modified":"2024-09-22T16:23:39","modified_gmt":"2024-09-22T16:23:39","slug":"reklam-co","status":"publish","type":"page","link":"https:\/\/reklamcobeta.hemsida.eu\/","title":{"rendered":"Reklam &amp; Co"},"content":{"rendered":"\n\n\t<h1>\n\t\t\t\t\tVi \u00e4r en\n\t\t\t\tPreview text\t\t\t\n\t\t\t<\/h1>\n\t\t\t\t<img loading=\"lazy\" decoding=\"async\" src=\"https:\/\/reklamcobeta.hemsida.eu\/wp-content\/uploads\/2024\/09\/2.svg\" alt=\"2\" itemprop=\"image\" height=\"374\" width=\"375\" title=\"2\" onerror=\"this.style.display='none'\"  \/>\n<h2>\n\t\tVad vi g\u00f6r\n\t<\/h2>\n\t<p>Fr\u00e5n id\u00e9 till verklighet &#8211; kolla in hur vi hj\u00e4lper varum\u00e4rken att synas och sticka ut!<\/p>\n\t\t\t\t<img loading=\"lazy\" decoding=\"async\" src=\"https:\/\/reklamcobeta.hemsida.eu\/wp-content\/uploads\/2024\/09\/5.svg\" alt=\"5\" itemprop=\"image\" height=\"374\" width=\"375\" title=\"5\" onerror=\"this.style.display='none'\"  \/>\n\t\t\t<h3>Din marknadskoordinator<\/h3>\t\t\t\n\t\t\t\t<p>Enter description text here. Lorem ipsum dolor sit amet, consectetur adipiscing. Quo incidunt ullamco.<\/p>\n\t\t\t<h3>Webb<\/h3>\t\t\t\n\t\t\t\t<p>Enter description text here. Lorem ipsum dolor sit amet, consectetur adipiscing. Quo incidunt ullamco.<\/p>\n<h2>\n\t\tCase\n\t<\/h2>\n\t<p>Fr\u00e5n id\u00e9 till verklighet &#8211; kolla in hur vi hj\u00e4lper varum\u00e4rken att synas och sticka ut!<\/p>\n\n","protected":false},"excerpt":{"rendered":"<p>Vi \u00e4r en Preview text Vad vi g\u00f6r Fr\u00e5n id\u00e9 till verklighet &#8211; kolla in hur vi hj\u00e4lper varum\u00e4rken att [&hellip;]<\/p>\n","protected":false},"author":1,"featured_media":0,"parent":0,"menu_order":0,"comment_status":"closed","ping_status":"closed","template":"","meta":{"site-sidebar-layout":"default","site-content-layout":"","ast-site-content-layout":"","site-content-style":"default","site-sidebar-style":"default","ast-global-header-display":"","ast-banner-title-visibility":"","ast-main-header-display":"","ast-hfb-above-header-display":"","ast-hfb-below-header-display":"","ast-hfb-mobile-header-display":"","site-post-title":"disabled","ast-breadcrumbs-content":"","ast-featured-img":"","footer-sml-layout":"","theme-transparent-header-meta":"","adv-header-id-meta":"","stick-header-meta":"","header-above-stick-meta":"","header-main-stick-meta":"","header-below-stick-meta":"","astra-migrate-meta-layouts":"default","ast-page-background-enabled":"default","ast-page-background-meta":{"desktop":{"background-color":"var(--ast-global-color-4)","background-image":"","background-repeat":"repeat","background-position":"center center","background-size":"auto","background-attachment":"scroll","background-type":"","background-media":"","overlay-type":"","overlay-color":"","overlay-opacity":"","overlay-gradient":""},"tablet":{"background-color":"","background-image":"","background-repeat":"repeat","background-position":"center center","background-size":"auto","background-attachment":"scroll","background-type":"","background-media":"","overlay-type":"","overlay-color":"","overlay-opacity":"","overlay-gradient":""},"mobile":{"background-color":"","background-image":"","background-repeat":"repeat","background-position":"center center","background-size":"auto","background-attachment":"scroll","background-type":"","background-media":"","overlay-type":"","overlay-color":"","overlay-opacity":"","overlay-gradient":""}},"ast-content-background-meta":{"desktop":{"background-color":"var(--ast-global-color-5)","background-image":"","background-repeat":"repeat","background-position":"center center","background-size":"auto","background-attachment":"scroll","background-type":"","background-media":"","overlay-type":"","overlay-color":"","overlay-opacity":"","overlay-gradient":""},"tablet":{"background-color":"var(--ast-global-color-5)","background-image":"","background-repeat":"repeat","background-position":"center center","background-size":"auto","background-attachment":"scroll","background-type":"","background-media":"","overlay-type":"","overlay-color":"","overlay-opacity":"","overlay-gradient":""},"mobile":{"background-color":"var(--ast-global-color-5)","background-image":"","background-repeat":"repeat","background-position":"center center","background-size":"auto","background-attachment":"scroll","background-type":"","background-media":"","overlay-type":"","overlay-color":"","overlay-opacity":"","overlay-gradient":""}},"footnotes":""},"class_list":["post-36","page","type-page","status-publish","hentry"],"_links":{"self":[{"href":"https:\/\/reklamcobeta.hemsida.eu\/index.php\/wp-json\/wp\/v2\/pages\/36","targetHints":{"allow":["GET"]}}],"collection":[{"href":"https:\/\/reklamcobeta.hemsida.eu\/index.php\/wp-json\/wp\/v2\/pages"}],"about":[{"href":"https:\/\/reklamcobeta.hemsida.eu\/index.php\/wp-json\/wp\/v2\/types\/page"}],"author":[{"embeddable":true,"href":"https:\/\/reklamcobeta.hemsida.eu\/index.php\/wp-json\/wp\/v2\/users\/1"}],"replies":[{"embeddable":true,"href":"https:\/\/reklamcobeta.hemsida.eu\/index.php\/wp-json\/wp\/v2\/comments?post=36"}],"version-history":[{"count":15,"href":"https:\/\/reklamcobeta.hemsida.eu\/index.php\/wp-json\/wp\/v2\/pages\/36\/revisions"}],"predecessor-version":[{"id":80,"href":"https:\/\/reklamcobeta.hemsida.eu\/index.php\/wp-json\/wp\/v2\/pages\/36\/revisions\/80"}],"wp:attachment":[{"href":"https:\/\/reklamcobeta.hemsida.eu\/index.php\/wp-json\/wp\/v2\/media?parent=36"}],"curies":[{"name":"wp","href":"https:\/\/api.w.org\/{rel}","templated":true}]}}